{"id":25384,"date":"2016-07-07T21:57:22","date_gmt":"2016-07-07T20:57:22","guid":{"rendered":"https:\/\/cursotenenciaresponsable.com\/guia-para-el-uso-medico-del-ozono-version-online\/"},"modified":"2022-09-17T21:48:25","modified_gmt":"2022-09-17T20:48:25","slug":"guia-para-el-uso-medico-del-ozono-version-online","status":"publish","type":"page","link":"https:\/\/cursotenenciaresponsable.com\/en\/guia-para-el-uso-medico-del-ozono-version-online\/","title":{"rendered":"Gu\u00eda para el uso m\u00e9dico del Ozono. Versi\u00f3n Online"},"content":{"rendered":"<p>[fusion_builder_container hundred_percent=&#8221;yes&#8221; overflow=&#8221;visible&#8221;][fusion_builder_row][fusion_builder_column type=&#8221;1_1&#8243; background_position=&#8221;left top&#8221; background_color=&#8221;&#8221; border_size=&#8221;&#8221; border_color=&#8221;&#8221; border_style=&#8221;solid&#8221; spacing=&#8221;yes&#8221; background_image=&#8221;&#8221; background_repeat=&#8221;no-repeat&#8221; padding=&#8221;&#8221; margin_top=&#8221;0px&#8221; margin_bottom=&#8221;0px&#8221; class=&#8221;&#8221; id=&#8221;&#8221; animation_type=&#8221;&#8221; animation_speed=&#8221;0.3&#8243; animation_direction=&#8221;left&#8221; hide_on_mobile=&#8221;no&#8221; center_content=&#8221;no&#8221; min_height=&#8221;none&#8221;][fusion_text]<\/p>\n<p>&nbsp;<\/p>\n<p>English: There is no version in English<br \/>\nSpanish: Only electronic version. 315 p. + XVIII + 11 p. l\u00e1minas de color.<\/p>\n<p>&nbsp;<\/p>\n<h2 style=\"text-align: center;\"><a href=\"https:\/\/formacionmedizeus.com\/product\/guia-para-el-uso-medico-del-ozono-fundamentos-terapeuticos-e-indicaciones-version-online\/\" target=\"_blank\" rel=\"noopener noreferrer\"><strong>Buy<\/strong><\/a><\/h2>\n<h3 style=\"text-align: center;\"><\/h3>\n<p style=\"text-align: center;\"><a href=\"https:\/\/formacionmedizeus.com\/product\/guia-para-el-uso-medico-del-ozono-fundamentos-terapeuticos-e-indicaciones-version-online\/\" target=\"_blank\" rel=\"noopener noreferrer\"><img loading=\"lazy\" class=\"aligncenter wp-image-15329 size-full\" src=\"https:\/\/cursotenenciaresponsable.com\/wp-content\/uploads\/2016\/07\/guia_online_destacada.jpg\" alt=\"\" width=\"470\" height=\"400\" srcset=\"https:\/\/cursotenenciaresponsable.com\/wp-content\/uploads\/2016\/07\/guia_online_destacada.jpg 470w, https:\/\/cursotenenciaresponsable.com\/wp-content\/uploads\/2016\/07\/guia_online_destacada-300x255.jpg 300w, https:\/\/cursotenenciaresponsable.com\/wp-content\/uploads\/2016\/07\/guia_online_destacada-120x102.jpg 120w\" sizes=\"(max-width: 470px) 100vw, 470px\" \/><\/a><\/p>\n<div class=\"centrar\"><\/div>\n<div class=\"margen\">\n<p>&nbsp;<\/p>\n<\/div>\n<p>[\/fusion_text][\/fusion_builder_column][\/fusion_builder_row][\/fusion_builder_container]<\/p>\n","protected":false},"excerpt":{"rendered":"<p>[fusion_builder_container hundred_percent=&#8221;yes&#8221; overflow=&#8221;visible&#8221;][fusion_builder_row][fusion_builder_column type=&#8221;1_1&#8243; background_position=&#8221;left top&#8221; background_color=&#8221;&#8221; border_size=&#8221;&#8221; border_color=&#8221;&#8221; border_style=&#8221;solid&#8221; spacing=&#8221;yes&#8221; background_image=&#8221;&#8221; background_repeat=&#8221;no-repeat&#8221; padding=&#8221;&#8221; margin_top=&#8221;0px&#8221; margin_bottom=&#8221;0px&#8221; class=&#8221;&#8221; id=&#8221;&#8221; animation_type=&#8221;&#8221; animation_speed=&#8221;0.3&#8243; animation_direction=&#8221;left&#8221; hide_on_mobile=&#8221;no&#8221; center_content=&#8221;no&#8221; min_height=&#8221;none&#8221;][fusion_text] &nbsp; English: There is no version in English Spanish: Only electronic version. 315 p. + XVIII + 11 p. l\u00e1minas de color. &nbsp; Buy &nbsp; [\/fusion_text][\/fusion_builder_column][\/fusion_builder_row][\/fusion_builder_container]<\/p>\n","protected":false},"author":1,"featured_media":0,"parent":0,"menu_order":0,"comment_status":"closed","ping_status":"closed","template":"","meta":{"_et_pb_use_builder":"","_et_pb_old_content":"","_et_gb_content_width":""},"acf":[],"_links":{"self":[{"href":"https:\/\/cursotenenciaresponsable.com\/en\/wp-json\/wp\/v2\/pages\/25384"}],"collection":[{"href":"https:\/\/cursotenenciaresponsable.com\/en\/wp-json\/wp\/v2\/pages"}],"about":[{"href":"https:\/\/cursotenenciaresponsable.com\/en\/wp-json\/wp\/v2\/types\/page"}],"author":[{"embeddable":true,"href":"https:\/\/cursotenenciaresponsable.com\/en\/wp-json\/wp\/v2\/users\/1"}],"replies":[{"embeddable":true,"href":"https:\/\/cursotenenciaresponsable.com\/en\/wp-json\/wp\/v2\/comments?post=25384"}],"version-history":[{"count":4,"href":"https:\/\/cursotenenciaresponsable.com\/en\/wp-json\/wp\/v2\/pages\/25384\/revisions"}],"predecessor-version":[{"id":26390,"href":"https:\/\/cursotenenciaresponsable.com\/en\/wp-json\/wp\/v2\/pages\/25384\/revisions\/26390"}],"wp:attachment":[{"href":"https:\/\/cursotenenciaresponsable.com\/en\/wp-json\/wp\/v2\/media?parent=25384"}],"curies":[{"name":"wp","href":"https:\/\/api.w.org\/{rel}","templated":true}]}}