{"id":25319,"date":"2021-11-06T21:21:50","date_gmt":"2021-11-06T20:21:50","guid":{"rendered":"https:\/\/cursotenenciaresponsable.com\/?page_id=25319"},"modified":"2022-11-07T21:11:40","modified_gmt":"2022-11-07T20:11:40","slug":"scientific-foundations-of-the-ozone-therapy","status":"publish","type":"page","link":"https:\/\/cursotenenciaresponsable.com\/en\/scientific-foundations-of-the-ozone-therapy\/","title":{"rendered":"Scientific foundations of the ozone therapy"},"content":{"rendered":"<p>[et_pb_section fb_built=&#8221;1&#8243; admin_label=&#8221;section&#8221; _builder_version=&#8221;4.16&#8243; global_colors_info=&#8221;{}&#8221;][et_pb_row admin_label=&#8221;row&#8221; _builder_version=&#8221;4.19.0&#8243; custom_padding=&#8221;20px||20px||false|false&#8221; hover_enabled=&#8221;0&#8243; global_colors_info=&#8221;{}&#8221; sticky_enabled=&#8221;0&#8243;][et_pb_column type=&#8221;4_4&#8243; _builder_version=&#8221;4.16&#8243; custom_padding=&#8221;|||&#8221; global_colors_info=&#8221;{}&#8221; custom_padding__hover=&#8221;|||&#8221;][et_pb_post_title _builder_version=&#8221;4.19.0&#8243; _module_preset=&#8221;default&#8221; global_colors_info=&#8221;{}&#8221; title_font=&#8221;|600|||||||&#8221; title_text_color=&#8221;#000000&#8243; meta_text_color=&#8221;#0C71C3&#8243; custom_padding=&#8221;20px||20px||false|false&#8221; border_radii=&#8221;on|1px|1px|1px|1px&#8221; border_width_top=&#8221;1px&#8221; border_width_bottom=&#8221;1px&#8221; comments=&#8221;off&#8221; hover_enabled=&#8221;0&#8243; sticky_enabled=&#8221;0&#8243;][\/et_pb_post_title][\/et_pb_column][\/et_pb_row][et_pb_row admin_label=&#8221;row&#8221; _builder_version=&#8221;4.16&#8243; background_size=&#8221;initial&#8221; background_position=&#8221;top_left&#8221; background_repeat=&#8221;repeat&#8221; global_colors_info=&#8221;{}&#8221;][et_pb_column type=&#8221;4_4&#8243; _builder_version=&#8221;4.16&#8243; custom_padding=&#8221;|||&#8221; global_colors_info=&#8221;{}&#8221; custom_padding__hover=&#8221;|||&#8221;][et_pb_text admin_label=&#8221;Text&#8221; _builder_version=&#8221;4.19.0&#8243; background_size=&#8221;initial&#8221; background_position=&#8221;top_left&#8221; background_repeat=&#8221;repeat&#8221; global_colors_info=&#8221;{}&#8221;]<\/p>\n<h3><strong>Published scientific research<\/strong><\/h3>\n<p>Schwartz, A \u00a0et al. \u00a0(2012). Ozono therapy and its Scientific Foundations. Revista Espa\u00f1ola de Ozonoterapia. Vol. 2, n\u00ba 1, pp. 199-232.<\/p>\n<p><a href=\"https:\/\/ozonetherapyglobaljournal.es\/en\/ozone-therapy-and-its-scientific-foundations\/\">https:\/\/ozonetherapyglobaljournal.es\/en\/ozone-therapy-and-its-scientific-foundations\/<\/a><\/p>\n<p>\u201cThis document, based on the latest books and scientific articles on the subject, updates the recent findings that justify, from the scientific point of view, the medical use of ozone (\u2026) s with any healing technique, ozone therapy is dependent on the dosage. It is important to understand that in clinical practice the concentrations of ozone are lower than the toxic levels by several orders of magnitude.\u201d<\/p>\n<p>On October 27, 2021 in the Medline database (PubMed) there were 4024 documents related to ozone therapy, of which 301 were clinical trials, 207 randomized controlled trials, 55 of systematic review and 33 meta-analysis studies, which supported the use of ozone in medicine.<\/p>\n<p>In addition, in the database of clinical studies at the US National Institutes of Health there were 61 studies registered for ozone therapy, of which their status was: 3 ended, 25 completed, 3 unenrolled active, 13 recruiting. <a href=\"https:\/\/clinicaltrials.gov\/\">https:\/\/clinicaltrials.gov\/<\/a><\/p>\n<p>&nbsp;<\/p>\n<h3><strong>Ozone therapy and Covid-19<\/strong><\/h3>\n<p>The World Health Organization (WHO), in February 2021 officially stated: \u201cCurrently, there are no vaccines or specific pharmaceutical treatments available for COVID-19.\u201d<\/p>\n<p>To combat the pandemic, the WHO have called \u201ccountries to take urgent and aggressive action\u201d; and stating that \u201cthis is not just a public health crisis, it is a crisis that will touch every sector \u2013 so every sector and every individual must be involved in the fight.\u201d<\/p>\n<p>ISCO3 (International Scientific Committee of Ozone Therapy) as part of the world health sector pioneered, the month after the WHO call, proposed in a pioneering way, the potential use of ozone therapy as a complementary therapy, based exclusively on available scientific data.<\/p>\n<p>&nbsp;<\/p>\n<p>Proposal published in the paper <em>\u201cPotential use of ozone in SARS-CoV-2 \/ COVID-19\u201d<\/em> (March 14, 2020)<\/p>\n<p><a href=\"https:\/\/isco3.org\/wp-content\/uploads\/2020\/04\/English-Covid-19-2.pdf\">https:\/\/isco3.org\/wp-content\/uploads\/2020\/04\/English-Covid-19-2.pdf<\/a><\/p>\n<p>&nbsp;<\/p>\n<p>Since then, on the committee&#8217;s website, all the research on ozone therapy and COVID-19 that has been published in the world, has been compiled and updated, under the following titles:<\/p>\n<ul>\n<li>Clinical Trials Follow-up Preliminary Results O2\/O3 &amp; COVID-19. P. 1<\/li>\n<li>ISCO3 Recommendations Use O2\/O3 in COVID-19. P. 2<\/li>\n<li>ISCO3 Outcomes Use O2\/O3 &amp; COVID-19. P. 3<\/li>\n<\/ul>\n<ul>\n<li>Ozone Therapy Support papers on SARS-CoV-2 \/ COVID-19. P. 4. <a href=\"https:\/\/isco3.org\/officialdocs\/\" style=\"font-size: 15px;\">https:\/\/isco3.org\/officialdocs\/<\/a><\/li>\n<\/ul>\n<p>\u00a0The main results of the studies indicate that ozone decreases the inflammation indices and the time of assisted breathing, improves oxygen saturation and makes CRP negative in shorter periods. Increases oxygen saturation. And it could reduce mortality.<\/p>\n<p>\u00a0The routes of application have been ozonized saline solution, major autohemotherapy, and rectal insufflation.<\/p>\n<p>&nbsp;<\/p>\n<h3><strong>Ozonized Saline Solution<\/strong><\/h3>\n<p>\u201cOzonized Saline Solution (O3SS) is a widespread practice in Russia and developed by the Russian school of ozone therapy in the city of Nizhny Novgorod (Volga Federal District).\u201d With enough success it has started to be implemented in the last decade in several countries outside of Russia.<\/p>\n<p>\u00a0The Ozone Saline Solution is already an application recommended by the Madrid Declaration on Ozone Therapy. Item 3.1.3<\/p>\n<p><a href=\"https:\/\/isco3.org\/madrid-declaration-on-ozone-therapy-3rd-edition-isco3\/\">https:\/\/isco3.org\/madrid-declaration-on-ozone-therapy-3rd-edition-isco3\/<\/a><\/p>\n<p><strong>\u00a0<\/strong><\/p>\n<h3><strong>Ozonized saline solution and Covid-19<\/strong><\/h3>\n<p>Among the research advances that medical ozone has had, the ozonized saline solution &#8211; a route of application of ozone therapy &#8211; has stood out. Its use, as a complementary therapy, in patients hospitalized for Covid-19 has played a highly significant role in overcoming the disease.<\/p>\n<p>\u00a0The results of the research carried out at the Viamed Virgen de la Paloma Hospital in Madrid (Spain), demonstrated the efficiency of the ozonized saline solution.<\/p>\n<p>The research has been already published.<\/p>\n<p>\u00a0Schwartz Adriana et al. \u201c<em>Complementary application of the ozonized saline solution in mild and severe patients with pneumonia COVID-19: A non-randomized pilot study.<\/em>\u201d J Pharm Pharmacogn Res 9(2): 126\u2013142.<\/p>\n<p><a href=\"https:\/\/jppres.com\/jppres\/pdf\/vol9\/jppres20.971_9.2.126.pdf\">https:\/\/jppres.com\/jppres\/pdf\/vol9\/jppres20.971_9.2.126.pdf<\/a><\/p>\n<p>A synthesis of the research results can be found in<\/p>\n<p><a href=\"https:\/\/cursotenenciaresponsable.com\/en\/ozonized-saline-solution-o3ss-could-be-an-effective-supplement-in-the-management-of-patients-with-covid-19\/\">https:\/\/cursotenenciaresponsable.com\/en\/ozonized-saline-solution-o3ss-could-be-an-effective-supplement-in-the-management-of-patients-with-covid-19\/<\/a><\/p>\n<p>&nbsp;<\/p>\n<h3><strong>Ozonized Saline Solution in the WHO library<\/strong><\/h3>\n<p>The WHO (World Health Organization) has published in its virtual library \u201cCOVID-19 \u2013 Global literature on coronavirus disease\u201d the three following investigations on Ozonized Saline Solution and COVID-19.<\/p>\n<p>&nbsp;<\/p>\n<p>Schwartz, Adriana. et al. <em>Complementary application of the ozonized saline solution in mild and severe patients with pneumonia COVID-19: A non-randomized pilot study.<\/em> <a href=\"https:\/\/search.bvsalud.org\/global-literature-on-novel-coronavirus-2019-ncov\/resource\/en\/covidwho-984802\">https:\/\/search.bvsalud.org\/global-literature-on-novel-coronavirus-2019-ncov\/resource\/en\/covidwho-984802<\/a>.<\/p>\n<p>Access to full paper <a href=\"https:\/\/jppres.com\/jppres\/pdf\/vol9\/jppres20.971_9.2.126.pdf\">https:\/\/jppres.com\/jppres\/pdf\/vol9\/jppres20.971_9.2.126.pdf<\/a><\/p>\n<p>Mart\u00ednez-S\u00e1nchez, G. et al. <em>Potential Cytoprotective Activity of Ozone Therapy in SARS-CoV-2\/COVID-19<\/em>. <a href=\"https:\/\/search.bvsalud.org\/global-literature-on-novel-coronavirus-2019-ncov\/resource\/en\/covidwho-854062\">https:\/\/search.bvsalud.org\/global-literature-on-novel-coronavirus-2019-ncov\/resource\/en\/covidwho-854062<\/a><\/p>\n<p>Access to full paper<br \/><a href=\"https:\/\/www.mdpi.com\/2076-3921\/9\/5\/389\/pdf\">https:\/\/www.mdpi.com\/2076-3921\/9\/5\/389\/pdf<\/a><\/p>\n<p>Schwartz Adriana et al. <em>Potential use of ozone in SARS-CoV-2 \/ COVID-19.<\/em> ISCO3 <a href=\"https:\/\/search.bvsalud.org\/global-literature-on-novel-coronavirus-2019-ncov\/?lang=en&amp;q=au:%22International%20Scientific%20Committee%20of%20Ozone%20Therapy%22\">https:\/\/search.bvsalud.org\/global-literature-on-novel-coronavirus-2019-ncov\/?lang=en&amp;q=au:%22International%20Scientific%20Committee%20of%20Ozone%20Therapy%22<\/a><\/p>\n<p>Access to full paper<br \/><a href=\"https:\/\/isco3.org\/wp-content\/uploads\/2020\/04\/English-Covid-19-2.pdf\">https:\/\/isco3.org\/wp-content\/uploads\/2020\/04\/English-Covid-19-2.pdf\u00a0<\/a><\/p>\n<p>Pacheco C\u00e1rdenas Iv\u00e1n Alexis et al. (2021).\u00a0Ozone Therapy In the Prevention and Treatment Of Long-Term Health Consequences of OF COVID-19 Patients. Cases Report.<\/p>\n<p><a href=\"https:\/\/ozonetherapyglobaljournal.es\/la-ozonoterapia-en-la-prevencion-y-tratamiento-de-las-secuelas-de-pacientes-de-covid-19-reporte-de-casos\/\">https:\/\/ozonetherapyglobaljournal.es\/la-ozonoterapia-en-la-prevencion-y-tratamiento-de-las-secuelas-de-pacientes-de-covid-19-reporte-de-casos\/<\/a><\/p>\n<p>&nbsp;<\/p>\n<h3><strong>Ozone therapy and post-COVID-19 sequelae<\/strong><\/h3>\n<p>The first researches on ozone treatment in the reversal of the sequels of covid-19, has been already issued.<\/p>\n<p>&nbsp;<\/p>\n<p>Fernando C. Dotta Barros et al. <em>Persistent Anosmia after COVID-19 Infection: Treatment Options According to BDORT. <\/em>Acupuncture and Electro-Therapeutics Research; 46(1):33-34, 2021.<\/p>\n<p><a href=\"https:\/\/pesquisa.bvsalud.org\/global-literature-on-novel-coronavirus-2019-ncov\/resource\/pt\/covidwho-1264550\">https:\/\/pesquisa.bvsalud.org\/global-literature-on-novel-coronavirus-2019-ncov\/resource\/pt\/covidwho-1264550<\/a><\/p>\n<p>&nbsp;<\/p>\n<p>Pacheco C\u00e1rdenas Iv\u00e1n Alexis et al. (2021). <em>La ozonoterapia en la prevenci\u00f3n y tratamiento de las secuelas de pacientes de Covid-19. Reporte de casos.<\/em>. Ozone Therapy Global Journal Vol. 11, n\u00ba 1, pp 125-139.<\/p>\n<p><a href=\"https:\/\/ozonetherapyglobaljournal.es\/la-ozonoterapia-en-la-prevencion-y-tratamiento-de-las-secuelas-de-pacientes-de-covid-19-reporte-de-casos\/\">https:\/\/ozonetherapyglobaljournal.es\/la-ozonoterapia-en-la-prevencion-y-tratamiento-de-las-secuelas-de-pacientes-de-covid-19-reporte-de-casos\/<\/a><\/p>\n<p>&nbsp;<\/p>\n<p>Tirelli U.,et al. <em>Fatigue in post-acute sequelae of SARS-CoV2 (PASC) treated with oxygen-ozone autohemotherapy \u2013 preliminary results on 100 patients<\/em>. Eur Rev Med Pharmacol Sci. 2021 Sep; 25(18):5871-5875. doi: 10.26355\/eurrev_202109_26809.<\/p>\n<p><a href=\"https:\/\/pubmed.ncbi.nlm.nih.gov\/34604980\/\">https:\/\/pubmed.ncbi.nlm.nih.gov\/34604980\/<\/a><\/p>\n<p><strong>\u00a0<\/strong><\/p>\n<h3><strong>Ozone therapy: experimental treatment to treat COVID-19<\/strong><\/h3>\n<p><strong>\u00a0<\/strong><\/p>\n<p>Ozone therapists from different parts of the world, as indicated above, have published the results of the application of ozone therapy in COVID-19 patients in scientific journals.<\/p>\n<p>\u00a0However, it is convenient to specify that for the treatment of COVID-19 \u201cozone cannot be considered an already proven therapy, but one more experimental treatment, like so many others that have been administered during the pandemic with few specific studies behind it, considering that its mechanism of action in other pathologies can be useful in coronavirus. This is common in a new disease for which there is no known treatment, and especially when the patient is in a situation with little chance of survival. The paucity of studies on a safe treatment with reasonable evidence of efficacy should encourage further research until it can be known whether it works or not.\u201d<\/p>\n<p>\u00a0It is worth remembering \u201cthat confusing scarcity of evidence with no evidence is a serious epistemological error. To lightly disqualify a whole line of research under the concept of \u2018pseudo-therapy\u2019, without thoroughly reviewing and entering into debate with the studies published on the matter, is an irresponsibility that can condemn countless present and future patients.\u201d<\/p>\n<p>Pireto Valient, Luis et al. <em>Who decides what a pseudo-therapy is? Evidence vs hasty opinions on ozone<\/em><\/p>\n<p><a href=\"https:\/\/ozonetherapyglobaljournal.es\/en\/pseudotherapy\/\">https:\/\/ozonetherapyglobaljournal.es\/en\/pseudotherapy\/<\/a><\/p>\n<p>&nbsp;<\/p>\n<p>&nbsp;<\/p>\n<p>[\/et_pb_text][\/et_pb_column][\/et_pb_row][\/et_pb_section]<\/p>\n","protected":false},"excerpt":{"rendered":"<p>Published scientific research Schwartz, A \u00a0et al. \u00a0(2012). Ozono therapy and its Scientific Foundations. Revista Espa\u00f1ola de Ozonoterapia. Vol. 2, n\u00ba 1, pp. 199-232. https:\/\/ozonetherapyglobaljournal.es\/en\/ozone-therapy-and-its-scientific-foundations\/ \u201cThis document, based on the latest books and scientific articles on the subject, updates the recent findings that justify, from the scientific point of view, the medical use of ozone [&hellip;]<\/p>\n","protected":false},"author":1,"featured_media":0,"parent":0,"menu_order":0,"comment_status":"closed","ping_status":"closed","template":"","meta":{"_et_pb_use_builder":"on","_et_pb_old_content":"<h3><strong>Published scientific research<\/strong><\/h3>\r\nSchwartz, A \u00a0et al. \u00a0(2012). Ozono therapy and its Scientific Foundations. Revista Espa\u00f1ola de Ozonoterapia. Vol. 2, n\u00ba 1, pp. 199-232.\r\n\r\n<a href=\"https:\/\/ozonetherapyglobaljournal.es\/en\/ozone-therapy-and-its-scientific-foundations\/\">https:\/\/ozonetherapyglobaljournal.es\/en\/ozone-therapy-and-its-scientific-foundations\/<\/a>\r\n\r\n\u201cThis document, based on the latest books and scientific articles on the subject, updates the recent findings that justify, from the scientific point of view, the medical use of ozone (\u2026) s with any healing technique, ozone therapy is dependent on the dosage. It is important to understand that in clinical practice the concentrations of ozone are lower than the toxic levels by several orders of magnitude.\u201d\r\n\r\nOn October 27, 2021 in the Medline database (PubMed) there were 4024 documents related to ozone therapy, of which 301 were clinical trials, 207 randomized controlled trials, 55 of systematic review and 33 meta-analysis studies, which supported the use of ozone in medicine.\r\n\r\nIn addition, in the database of clinical studies at the US National Institutes of Health there were 61 studies registered for ozone therapy, of which their status was: 3 ended, 25 completed, 3 unenrolled active, 13 recruiting. <a href=\"https:\/\/clinicaltrials.gov\/\">https:\/\/clinicaltrials.gov\/<\/a>\r\n\r\n\u00a0\r\n<h3><strong>Ozone therapy and Covid-19<\/strong><\/h3>\r\nThe World Health Organization (WHO), in February 2021 officially stated: \u201cCurrently, there are no vaccines or specific pharmaceutical treatments available for COVID-19.\u201d\r\n\r\nTo combat the pandemic, the WHO have called \u201ccountries to take urgent and aggressive action\u201d; and stating that \u201cthis is not just a public health crisis, it is a crisis that will touch every sector \u2013 so every sector and every individual must be involved in the fight.\u201d\r\n\r\nISCO3 (International Scientific Committee of Ozone Therapy) as part of the world health sector pioneered, the month after the WHO call, proposed in a pioneering way, the potential use of ozone therapy as a complementary therapy, based exclusively on available scientific data.\r\n\r\n\u00a0\r\n\r\nProposal published in the paper <em>\u201cPotential use of ozone in SARS-CoV-2 \/ COVID-19\u201d<\/em> (March 14, 2020)\r\n\r\n<a href=\"https:\/\/isco3.org\/wp-content\/uploads\/2020\/04\/English-Covid-19-2.pdf\">https:\/\/isco3.org\/wp-content\/uploads\/2020\/04\/English-Covid-19-2.pdf<\/a>\r\n\r\n\u00a0\r\n\r\nSince then, on the committee's website, all the research on ozone therapy and COVID-19 that has been published in the world, has been compiled and updated, under the following titles:\r\n<ul>\r\n \t<li>Clinical Trials Follow-up Preliminary Results O2\/O3 & COVID-19. P. 1<\/li>\r\n \t<li>ISCO3 Recommendations Use O2\/O3 in COVID-19. P. 2<\/li>\r\n \t<li>ISCO3 Outcomes Use O2\/O3 & COVID-19. P. 3<\/li>\r\n<\/ul>\r\n<ul>\r\n \t<li>Ozone Therapy Support papers on SARS-CoV-2 \/ COVID-19. P. 4.<\/li>\r\n<\/ul>\r\n<a href=\"https:\/\/isco3.org\/officialdocs\/\">https:\/\/isco3.org\/officialdocs\/<\/a>\r\n\r\n\u00a0\r\n\r\nThe main results of the studies indicate that ozone decreases the inflammation indices and the time of assisted breathing, improves oxygen saturation and makes CRP negative in shorter periods. Increases oxygen saturation. And it could reduce mortality.\r\n\r\n\u00a0\r\n\r\nThe routes of application have been ozonized saline solution, major autohemotherapy, and rectal insufflation.\r\n\r\n\u00a0\r\n<h3><strong>Ozonized Saline Solution<\/strong><\/h3>\r\n\u201cOzonized Saline Solution (O3SS) is a widespread practice in Russia and developed by the Russian school of ozone therapy in the city of Nizhny Novgorod (Volga Federal District).\u201d With enough success it has started to be implemented in the last decade in several countries outside of Russia.\r\n\r\n\u00a0\r\n\r\nThe Ozone Saline Solution is already an application recommended by the Madrid Declaration on Ozone Therapy. Item 3.1.3\r\n\r\n<a href=\"https:\/\/isco3.org\/madrid-declaration-on-ozone-therapy-3rd-edition-isco3\/\">https:\/\/isco3.org\/madrid-declaration-on-ozone-therapy-3rd-edition-isco3\/<\/a>\r\n\r\n<strong>\u00a0<\/strong>\r\n<h3><strong>Ozonized saline solution and Covid-19<\/strong><\/h3>\r\nAmong the research advances that medical ozone has had, the ozonized saline solution - a route of application of ozone therapy - has stood out. Its use, as a complementary therapy, in patients hospitalized for Covid-19 has played a highly significant role in overcoming the disease.\r\n\r\n\u00a0\r\n\r\nThe results of the research carried out at the Viamed Virgen de la Paloma Hospital in Madrid (Spain), demonstrated the efficiency of the ozonized saline solution.\r\n\r\nThe research has been already published.\r\n\r\n\u00a0\r\n\r\nSchwartz Adriana et al. \u201c<em>Complementary application of the ozonized saline solution in mild and severe patients with pneumonia COVID-19: A non-randomized pilot study.<\/em>\u201d J Pharm Pharmacogn Res 9(2): 126\u2013142.\r\n\r\n<a href=\"https:\/\/jppres.com\/jppres\/pdf\/vol9\/jppres20.971_9.2.126.pdf\">https:\/\/jppres.com\/jppres\/pdf\/vol9\/jppres20.971_9.2.126.pdf<\/a>\r\n\r\nA synthesis of the research results can be found in\r\n\r\n<a href=\"https:\/\/cursotenenciaresponsable.com\/en\/ozonized-saline-solution-o3ss-could-be-an-effective-supplement-in-the-management-of-patients-with-covid-19\/\">https:\/\/cursotenenciaresponsable.com\/en\/ozonized-saline-solution-o3ss-could-be-an-effective-supplement-in-the-management-of-patients-with-covid-19\/<\/a>\r\n\r\n\u00a0\r\n<h3><strong>Ozonized Saline Solution in the WHO library<\/strong><\/h3>\r\nThe WHO (World Health Organization) has published in its virtual library \u201cCOVID-19 \u2013 Global literature on coronavirus disease\u201d the three following investigations on Ozonized Saline Solution and COVID-19.\r\n\r\n\u00a0\r\n\r\nSchwartz, Adriana. et al. <em>Complementary application of the ozonized saline solution in mild and severe patients with pneumonia COVID-19: A non-randomized pilot study.<\/em> <a href=\"https:\/\/search.bvsalud.org\/global-literature-on-novel-coronavirus-2019-ncov\/resource\/en\/covidwho-984802\">https:\/\/search.bvsalud.org\/global-literature-on-novel-coronavirus-2019-ncov\/resource\/en\/covidwho-984802<\/a>.\r\n\r\nAccess to full paper <a href=\"https:\/\/jppres.com\/jppres\/pdf\/vol9\/jppres20.971_9.2.126.pdf\">https:\/\/jppres.com\/jppres\/pdf\/vol9\/jppres20.971_9.2.126.pdf<\/a>\r\n\r\nMart\u00ednez-S\u00e1nchez, G. et al. <em>Potential Cytoprotective Activity of Ozone Therapy in SARS-CoV-2\/COVID-19<\/em>. <a href=\"https:\/\/search.bvsalud.org\/global-literature-on-novel-coronavirus-2019-ncov\/resource\/en\/covidwho-854062\">https:\/\/search.bvsalud.org\/global-literature-on-novel-coronavirus-2019-ncov\/resource\/en\/covidwho-854062<\/a>\r\n\r\nAccess to full paper\r\n<a href=\"https:\/\/www.mdpi.com\/2076-3921\/9\/5\/389\/pdf\">https:\/\/www.mdpi.com\/2076-3921\/9\/5\/389\/pdf<\/a>\r\n\r\nSchwartz Adriana et al. <em>Potential use of ozone in SARS-CoV-2 \/ COVID-19.<\/em> ISCO3 <a href=\"https:\/\/search.bvsalud.org\/global-literature-on-novel-coronavirus-2019-ncov\/?lang=en&q=au:%22International%20Scientific%20Committee%20of%20Ozone%20Therapy%22\">https:\/\/search.bvsalud.org\/global-literature-on-novel-coronavirus-2019-ncov\/?lang=en&q=au:%22International%20Scientific%20Committee%20of%20Ozone%20Therapy%22<\/a>\r\n\r\nAccess to full paper\r\n<a href=\"https:\/\/isco3.org\/wp-content\/uploads\/2020\/04\/English-Covid-19-2.pdf\">https:\/\/isco3.org\/wp-content\/uploads\/2020\/04\/English-Covid-19-2.pdf\u00a0<\/a>\r\n\r\nPacheco C\u00e1rdenas Iv\u00e1n Alexis et al. (2021).\u00a0Ozone Therapy In the Prevention and Treatment Of Long-Term Health Consequences of OF COVID-19 Patients. Cases Report.\r\n\r\n<a href=\"https:\/\/ozonetherapyglobaljournal.es\/la-ozonoterapia-en-la-prevencion-y-tratamiento-de-las-secuelas-de-pacientes-de-covid-19-reporte-de-casos\/\">https:\/\/ozonetherapyglobaljournal.es\/la-ozonoterapia-en-la-prevencion-y-tratamiento-de-las-secuelas-de-pacientes-de-covid-19-reporte-de-casos\/<\/a>\r\n<h3><strong>Ozone therapy and post-COVID-19 sequelae<\/strong><\/h3>\r\nThe first researches on ozone treatment in the reversal of the sequels of covid-19, has been already issued.\r\n\r\n\u00a0\r\n\r\nFernando C. Dotta Barros et al. <em>Persistent Anosmia after COVID-19 Infection: Treatment Options According to BDORT. <\/em>Acupuncture and Electro-Therapeutics Research; 46(1):33-34, 2021.\r\n\r\n<a href=\"https:\/\/pesquisa.bvsalud.org\/global-literature-on-novel-coronavirus-2019-ncov\/resource\/pt\/covidwho-1264550\">https:\/\/pesquisa.bvsalud.org\/global-literature-on-novel-coronavirus-2019-ncov\/resource\/pt\/covidwho-1264550<\/a>\r\n\r\n\u00a0\r\n\r\nPacheco C\u00e1rdenas Iv\u00e1n Alexis et al. (2021). <em>La ozonoterapia en la prevenci\u00f3n y tratamiento de las secuelas de pacientes de Covid-19. Reporte de casos.<\/em>. Ozone Therapy Global Journal Vol. 11, n\u00ba 1, pp 125-139.\r\n\r\n<a href=\"https:\/\/ozonetherapyglobaljournal.es\/la-ozonoterapia-en-la-prevencion-y-tratamiento-de-las-secuelas-de-pacientes-de-covid-19-reporte-de-casos\/\">https:\/\/ozonetherapyglobaljournal.es\/la-ozonoterapia-en-la-prevencion-y-tratamiento-de-las-secuelas-de-pacientes-de-covid-19-reporte-de-casos\/<\/a>\r\n\r\n\u00a0\r\n\r\nTirelli U.,et al. <em>Fatigue in post-acute sequelae of SARS-CoV2 (PASC) treated with oxygen-ozone autohemotherapy \u2013 preliminary results on 100 patients<\/em>. Eur Rev Med Pharmacol Sci. 2021 Sep; 25(18):5871-5875. doi: 10.26355\/eurrev_202109_26809.\r\n\r\n<a href=\"https:\/\/pubmed.ncbi.nlm.nih.gov\/34604980\/\">https:\/\/pubmed.ncbi.nlm.nih.gov\/34604980\/<\/a>\r\n\r\n<strong>\u00a0<\/strong>\r\n<h3><strong>Ozone therapy: experimental treatment to treat COVID-19<\/strong><\/h3>\r\n<strong>\u00a0<\/strong>\r\n\r\nOzone therapists from different parts of the world, as indicated above, have published the results of the application of ozone therapy in COVID-19 patients in scientific journals.\r\n\r\n\u00a0\r\n\r\nHowever, it is convenient to specify that for the treatment of COVID-19 \u201cozone cannot be considered an already proven therapy, but one more experimental treatment, like so many others that have been administered during the pandemic with few specific studies behind it, considering that its mechanism of action in other pathologies can be useful in coronavirus. This is common in a new disease for which there is no known treatment, and especially when the patient is in a situation with little chance of survival. The paucity of studies on a safe treatment with reasonable evidence of efficacy should encourage further research until it can be known whether it works or not.\u201d\r\n\r\n\u00a0\r\n\r\nIt is worth remembering \u201cthat confusing scarcity of evidence with no evidence is a serious epistemological error. To lightly disqualify a whole line of research under the concept of \u2018pseudo-therapy\u2019, without thoroughly reviewing and entering into debate with the studies published on the matter, is an irresponsibility that can condemn countless present and future patients.\u201d\r\n\r\nPireto Valient, Luis et al. <em>Who decides what a pseudo-therapy is? Evidence vs hasty opinions on ozone<\/em>\r\n\r\n<a href=\"https:\/\/ozonetherapyglobaljournal.es\/en\/pseudotherapy\/\">https:\/\/ozonetherapyglobaljournal.es\/en\/pseudotherapy\/<\/a>\r\n\r\n\u00a0\r\n\r\n\u00a0","_et_gb_content_width":""},"acf":[],"_links":{"self":[{"href":"https:\/\/cursotenenciaresponsable.com\/en\/wp-json\/wp\/v2\/pages\/25319"}],"collection":[{"href":"https:\/\/cursotenenciaresponsable.com\/en\/wp-json\/wp\/v2\/pages"}],"about":[{"href":"https:\/\/cursotenenciaresponsable.com\/en\/wp-json\/wp\/v2\/types\/page"}],"author":[{"embeddable":true,"href":"https:\/\/cursotenenciaresponsable.com\/en\/wp-json\/wp\/v2\/users\/1"}],"replies":[{"embeddable":true,"href":"https:\/\/cursotenenciaresponsable.com\/en\/wp-json\/wp\/v2\/comments?post=25319"}],"version-history":[{"count":5,"href":"https:\/\/cursotenenciaresponsable.com\/en\/wp-json\/wp\/v2\/pages\/25319\/revisions"}],"predecessor-version":[{"id":26759,"href":"https:\/\/cursotenenciaresponsable.com\/en\/wp-json\/wp\/v2\/pages\/25319\/revisions\/26759"}],"wp:attachment":[{"href":"https:\/\/cursotenenciaresponsable.com\/en\/wp-json\/wp\/v2\/media?parent=25319"}],"curies":[{"name":"wp","href":"https:\/\/api.w.org\/{rel}","templated":true}]}}